{"id":192,"date":"2023-01-24T17:43:43","date_gmt":"2023-01-24T16:43:43","guid":{"rendered":"https:\/\/palettenhandel-krefeld.de\/?page_id=192"},"modified":"2023-04-20T18:06:22","modified_gmt":"2023-04-20T16:06:22","slug":"ueber-paletten","status":"publish","type":"page","link":"https:\/\/palettenhandel-krefeld.de\/index.php\/ueber-paletten\/","title":{"rendered":"\u00dcber Paletten"},"content":{"rendered":"<p>[et_pb_section fb_built=&#8220;1&#8243; _builder_version=&#8220;4.16&#8243; _module_preset=&#8220;default&#8220; global_colors_info=&#8220;{}&#8220;][et_pb_row _builder_version=&#8220;4.16&#8243; _module_preset=&#8220;default&#8220; global_colors_info=&#8220;{}&#8220;][et_pb_column type=&#8220;4_4&#8243; _builder_version=&#8220;4.16&#8243; _module_preset=&#8220;default&#8220; global_colors_info=&#8220;{}&#8220;][et_pb_text _builder_version=&#8220;4.19.4&#8243; _module_preset=&#8220;default&#8220; global_colors_info=&#8220;{}&#8220;]<\/p>\n<h1>\u00dcber Paletten:<\/h1>\n<p>[\/et_pb_text][et_pb_divider color=&#8220;#ffb400&#8243; divider_weight=&#8220;5px&#8220; _builder_version=&#8220;4.16&#8243; _module_preset=&#8220;default&#8220; custom_margin=&#8220;||1px|||&#8220; global_colors_info=&#8220;{}&#8220;][\/et_pb_divider][\/et_pb_column][\/et_pb_row][et_pb_row column_structure=&#8220;3_5,2_5&#8243; _builder_version=&#8220;4.19.1&#8243; _module_preset=&#8220;default&#8220; global_colors_info=&#8220;{}&#8220;][et_pb_column type=&#8220;3_5&#8243; _builder_version=&#8220;4.19.1&#8243; _module_preset=&#8220;default&#8220; global_colors_info=&#8220;{}&#8220;][et_pb_text _builder_version=&#8220;4.19.4&#8243; _module_preset=&#8220;default&#8220; global_colors_info=&#8220;{}&#8220;]<\/p>\n<h2>Europaletten (Europool-Paletten)<\/h2>\n<p>Die Europalette hei\u00dft eigentlich Europoolpalette und ist eine Flachpalette (FP) aus Holz aus dem Tauschsystem des Europools. Typischerweise ist die nach EN 13698-1 genormte, mehrwegf\u00e4hige Transportpalette mit einer Grundfl\u00e4che von 0,96 Quadratmetern (0,4 Lademeter) und den Ma\u00dfen 1200 mm \u00d7 800 mm \u00d7 144 mm (L\u00e4nge \u00d7 Breite \u00d7 H\u00f6he) sowie einem Eigengewicht von 20 bis 24 kg (je nach Holzfeuchte) gemeint.<\/p>\n<p>Sie wird von 78 bis 81 speziellen N\u00e4gelnzusammengehalten. Die Europalette ist UIC-genormt und entspricht den Bestimmungen der European Pallet Association(EPAL).[1]<\/p>\n<p>Die Palette hat definierte Fasen an den vier senkrechten Au\u00dfenkanten, um das Verhaken beim Rangieren in engen Lader\u00e4umen zu verhindern. Zwischen den 9 Kl\u00f6tzen haben die 3 Bodenbretter streckenweise Anfasungen, um das Einf\u00e4deln mit Gabelzinken oder Hineinrollen mit einem Hubwagen zu erleichtern. Alle Fasen schonen das Holz in Bezug auf Absplittern.<\/p>\n<p>Eine Europalette ist eine sogenannte Vierwegpalette, d. h. sie kann von allen vier Seiten mit einem automatischen Flurf\u00f6rderger\u00e4t, z. B. mit einem Gabelstapler oder einem Hubwagen, aufgenommen und bef\u00f6rdert werden.<\/p>\n<p>[\/et_pb_text][\/et_pb_column][et_pb_column type=&#8220;2_5&#8243; _builder_version=&#8220;4.19.1&#8243; _module_preset=&#8220;default&#8220; global_colors_info=&#8220;{}&#8220;][et_pb_image src=&#8220;https:\/\/palettenhandel-krefeld.de\/wp-content\/uploads\/2023\/04\/K1600_20230328_164645-rotated.jpg&#8220; title_text=&#8220;K1600_20230328_164645&#8243; _builder_version=&#8220;4.19.4&#8243; _module_preset=&#8220;default&#8220; hover_enabled=&#8220;0&#8243; global_colors_info=&#8220;{}&#8220; alt=&#8220;Palettenhandel Krefeld und Duisburg&#8220; sticky_enabled=&#8220;0&#8243;][\/et_pb_image][\/et_pb_column][\/et_pb_row][et_pb_row column_structure=&#8220;3_5,2_5&#8243; _builder_version=&#8220;4.19.1&#8243; _module_preset=&#8220;default&#8220; global_colors_info=&#8220;{}&#8220;][et_pb_column type=&#8220;3_5&#8243; _builder_version=&#8220;4.19.1&#8243; _module_preset=&#8220;default&#8220; global_colors_info=&#8220;{}&#8220;][et_pb_text _builder_version=&#8220;4.19.4&#8243; _module_preset=&#8220;default&#8220; global_colors_info=&#8220;{}&#8220;]<\/p>\n<h2>Einwegpaletten<\/h2>\n<p>Einwegpaletten oder Exportpaletten sind f\u00fcr den einmaligen Transport vom Hersteller zum Verbraucher bestimmt und in der Regel nicht sehr haltbar. Sie werden meist im Export als Verlustverpackung\/-palette eingesetzt und verbleiben beim Empf\u00e4nger, der sie entsorgt. Je nach Bed\u00fcrfnis des Kunden bestehen sie aus Holz, Holzspanwerkstoff, Kunststoff oder Wellpappe. Erh\u00e4ltlich sind Einwegpaletten in allen erdenklichen Abmessungen und Ausf\u00fchrungen. Besonders gro\u00dfe St\u00fcckzahlen werden aber in den Formaten 800 mm \u00d7 600 mm (Halbeuroma\u00df) \/1200 mm \u00d7 800 mm (Euroma\u00df) \/1200 mm \u00d7 1000 mm und im Containerma\u00df 1140 mm \u00d7 1140 mm umgesetzt. Ein weiteres Standardma\u00df ist 600 mm \u00d7 400 (Vierteleuroma\u00df) \u2013 dieses wird jedoch haupts\u00e4chlich f\u00fcr Displays verwendet.<\/p>\n<p>Im Gegensatz zur Mehrwegpalette, bei der verschiedene Pooling-Systeme auf dem Markt etabliert sind, findet bei der Einwegpalette kein Tausch statt. Der letzte Empf\u00e4nger in der Lieferkette muss die Palette entsorgen. Viele L\u00e4nder wollen aber keine Palettenpools, da das angeblich gro\u00dfe Probleme f\u00fcr die Transportunternehmen darstellt. Als eines der ersten L\u00e4nder hat die Schweiz zum 31. Dezember 2007 einen Palettenpool beendet und greift nun haupts\u00e4chlich auf Einwegpaletten zur\u00fcck, mit der Begr\u00fcndung, dass dies den Unternehmen Kosten spare.<\/p>\n<p>[\/et_pb_text][et_pb_text _builder_version=&#8220;4.19.4&#8243; _module_preset=&#8220;default&#8220; global_colors_info=&#8220;{}&#8220;]<\/p>\n<h2>Gitterboxen (Eurogitterboxen)<\/h2>\n<p>Eine Gitterbox oder Gitterboxpalette, kurz Gibo, ist ein aus einer Stahlrahmen-Gitter-Konstruktion bestehendes Ladehilfsmittelin der F\u00f6rdertechnik. Vier F\u00fc\u00dfe erm\u00f6glichen die Aufnahme der Gitterbox mittels eines Gabelstaplers von allen vier Seiten. Zur Stapelung der Boxen sind Stellwinkelaufs\u00e4tze angebracht.<\/p>\n<p>Eurogitterbox:<\/p>\n<p>Diese wird auch als niedrige Gitterbox bezeichnet und ist als einzige von der EPAL genormt und als Tauschpalette im europ\u00e4ischen Palettenpool der Intralogistik zugelassen.<\/p>\n<p>Die Au\u00dfenma\u00dfe betragen in der Breite 835 mm, in der L\u00e4nge 1240 mm und in der H\u00f6he 970 mm, die Innenma\u00dfe in der Breite 800 mm, in der L\u00e4nge 1200 mm und in der H\u00f6he 800 mm, das Leergewicht betr\u00e4gt ca. 70 kg (bis 2011 betrug das Leergewicht der Gitterbox ca. 85 kg), das Nutzvolumen umfasst rund 0,75 m\u00b3. Die Traglast (1.000\u20131.500 kg), die Auflast (4.400\u20136.000 kg) und somit die Anzahl der stapelbaren Einheiten (drei bis f\u00fcnf St\u00fcck) sind je nach Hersteller und Qualit\u00e4t unterschiedlich. Europaletten k\u00f6nnen aufgesetzt werden.<\/p>\n<p>In der Praxis sind Blocklager mit bis zu sieben gestapelten Gitterboxen \u00fcblich (max. 800 kg\/Gitterbox bei 7 Lagen). Die vorhandenen zwei Vorderwandklappen sind drehbar um eine waagerechte Achse gelagert. Die Klappen dienen der besseren Entnahme der geladenen Ware.<\/p>\n<p>Jede Gitterbox muss das Baujahr und den Namen des Herstellers tragen. Die Pr\u00fcfung erfolgt im Stichprobenverfahren (Einteilung in kritische, Haupt- und Nebenfehler), welches in der Norm genau festgelegt ist, und umfasst die Abmessungen, den Zusammenbau, die Bodenbeschaffenheit, den Anstrich und den Werkstoff der Gitterbox.<\/p>\n<p>Es gibt auch faltbare Gitterboxen, die beim R\u00fccktransport bis zu 80 % Platz sparen.<\/p>\n<p>[\/et_pb_text][et_pb_text _builder_version=&#8220;4.19.4&#8243; _module_preset=&#8220;default&#8220; global_colors_info=&#8220;{}&#8220;]<\/p>\n<p>Quelle:<br \/>Text: Wikipedia<br \/>Bilder: A.F. Palettenhandel<\/p>\n<p>[\/et_pb_text][\/et_pb_column][et_pb_column type=&#8220;2_5&#8243; _builder_version=&#8220;4.19.1&#8243; _module_preset=&#8220;default&#8220; global_colors_info=&#8220;{}&#8220;][et_pb_image src=&#8220;https:\/\/palettenhandel-krefeld.de\/wp-content\/uploads\/2021\/03\/AF-Palettenhandel-Favicon.png&#8220; title_text=&#8220;AF Palettenhandel Favicon&#8220; _builder_version=&#8220;4.19.4&#8243; _module_preset=&#8220;default&#8220; custom_margin=&#8220;125px||125px||true|false&#8220; hover_enabled=&#8220;0&#8243; global_colors_info=&#8220;{}&#8220; sticky_enabled=&#8220;0&#8243;][\/et_pb_image][et_pb_image src=&#8220;https:\/\/palettenhandel-krefeld.de\/wp-content\/uploads\/2021\/03\/K1600_P1120115-rotated.jpg&#8220; title_text=&#8220;K1600_P1120115&#8243; _builder_version=&#8220;4.19.4&#8243; _module_preset=&#8220;default&#8220; global_colors_info=&#8220;{}&#8220;][\/et_pb_image][\/et_pb_column][\/et_pb_row][\/et_pb_section]<\/p>\n","protected":false},"excerpt":{"rendered":"<p>\u00dcber Paletten:Europaletten (Europool-Paletten) Die Europalette hei\u00dft eigentlich Europoolpalette und ist eine Flachpalette (FP) aus Holz aus dem Tauschsystem des Europools. Typischerweise ist die nach EN 13698-1 genormte, mehrwegf\u00e4hige Transportpalette mit einer Grundfl\u00e4che von 0,96 Quadratmetern (0,4 Lademeter) und den Ma\u00dfen 1200 mm \u00d7 800 mm \u00d7 144 mm (L\u00e4nge \u00d7 Breite \u00d7 H\u00f6he) sowie einem [&hellip;]<\/p>\n","protected":false},"author":1,"featured_media":0,"parent":0,"menu_order":0,"comment_status":"closed","ping_status":"closed","template":"","meta":{"_et_pb_use_builder":"on","_et_pb_old_content":"","_et_gb_content_width":"","footnotes":""},"class_list":["post-192","page","type-page","status-publish","hentry"],"_links":{"self":[{"href":"https:\/\/palettenhandel-krefeld.de\/index.php\/wp-json\/wp\/v2\/pages\/192","targetHints":{"allow":["GET"]}}],"collection":[{"href":"https:\/\/palettenhandel-krefeld.de\/index.php\/wp-json\/wp\/v2\/pages"}],"about":[{"href":"https:\/\/palettenhandel-krefeld.de\/index.php\/wp-json\/wp\/v2\/types\/page"}],"author":[{"embeddable":true,"href":"https:\/\/palettenhandel-krefeld.de\/index.php\/wp-json\/wp\/v2\/users\/1"}],"replies":[{"embeddable":true,"href":"https:\/\/palettenhandel-krefeld.de\/index.php\/wp-json\/wp\/v2\/comments?post=192"}],"version-history":[{"count":5,"href":"https:\/\/palettenhandel-krefeld.de\/index.php\/wp-json\/wp\/v2\/pages\/192\/revisions"}],"predecessor-version":[{"id":232,"href":"https:\/\/palettenhandel-krefeld.de\/index.php\/wp-json\/wp\/v2\/pages\/192\/revisions\/232"}],"wp:attachment":[{"href":"https:\/\/palettenhandel-krefeld.de\/index.php\/wp-json\/wp\/v2\/media?parent=192"}],"curies":[{"name":"wp","href":"https:\/\/api.w.org\/{rel}","templated":true}]}}