{"id":207,"date":"2023-01-25T08:50:41","date_gmt":"2023-01-25T07:50:41","guid":{"rendered":"https:\/\/palettenhandel-krefeld.de\/?page_id=207"},"modified":"2023-01-25T09:56:37","modified_gmt":"2023-01-25T08:56:37","slug":"ravens-krefeld","status":"publish","type":"page","link":"https:\/\/palettenhandel-krefeld.de\/index.php\/ravens-krefeld\/","title":{"rendered":"Ravens Krefeld"},"content":{"rendered":"<p>[et_pb_section fb_built=&#8220;1&#8243; _builder_version=&#8220;4.16&#8243; _module_preset=&#8220;default&#8220; global_colors_info=&#8220;{}&#8220;][et_pb_row _builder_version=&#8220;4.16&#8243; _module_preset=&#8220;default&#8220; global_colors_info=&#8220;{}&#8220;][et_pb_column type=&#8220;4_4&#8243; _builder_version=&#8220;4.16&#8243; _module_preset=&#8220;default&#8220; global_colors_info=&#8220;{}&#8220;][et_pb_text _builder_version=&#8220;4.19.4&#8243; _module_preset=&#8220;default&#8220; global_colors_info=&#8220;{}&#8220;]<\/p>\n<h1>American Football in Deutschland:<\/h1>\n<p>[\/et_pb_text][et_pb_divider color=&#8220;#ffb400&#8243; divider_weight=&#8220;5px&#8220; _builder_version=&#8220;4.16&#8243; _module_preset=&#8220;default&#8220; custom_margin=&#8220;||1px|||&#8220; global_colors_info=&#8220;{}&#8220;][\/et_pb_divider][\/et_pb_column][\/et_pb_row][et_pb_row column_structure=&#8220;3_5,2_5&#8243; _builder_version=&#8220;4.19.1&#8243; _module_preset=&#8220;default&#8220; global_colors_info=&#8220;{}&#8220;][et_pb_column type=&#8220;3_5&#8243; _builder_version=&#8220;4.19.1&#8243; _module_preset=&#8220;default&#8220; global_colors_info=&#8220;{}&#8220;][et_pb_text _builder_version=&#8220;4.19.4&#8243; _module_preset=&#8220;default&#8220; hover_enabled=&#8220;0&#8243; global_colors_info=&#8220;{}&#8220; sticky_enabled=&#8220;0&#8243;]<\/p>\n<h2>Wir unterst\u00fctzen die RAVENS Krefeld kontinuierlich seit 2018!<\/h2>\n<p>&nbsp;<\/p>\n<p>American Football wird in Deutschland seit 1945 gespielt und wurde bis 1979 haupts\u00e4chlich von Besatzungssoldaten der US-Armee betrieben. Seitdem gibt es einen deutschen Verband und einen organisierten Spielbetrieb.<\/p>\n<p>Der Dachverband \u201eAmerican Football Verband Deutschland\u201c (AFVD) betreibt die Bundesligen German Football League und German Football League 2 sowie alle anderen Football-Ligen auf nationaler Ebene. Mit seinen \u00fcber 70.000 Mitgliedern ist der AFVD der sechstgr\u00f6\u00dfte Mannschafts-Sportverband Deutschlands (Stand: 2020).[1]<\/p>\n<p>Daneben nehmen acht deutsche Mannschaften an der europaweiten semiprofessionellen European League of Football teil<\/p>\n<p>[\/et_pb_text][et_pb_button button_url=&#8220;http:\/\/krefeld-ravens.de\/&#8220; url_new_window=&#8220;on&#8220; button_text=&#8220;Link zur Webseite der Ravens&#8220; button_alignment=&#8220;center&#8220; _builder_version=&#8220;4.19.4&#8243; _module_preset=&#8220;default&#8220; custom_button=&#8220;on&#8220; button_text_color=&#8220;#E09900&#8243; background_layout=&#8220;dark&#8220; box_shadow_style=&#8220;preset6&#8243; box_shadow_color=&#8220;#E09900&#8243; global_colors_info=&#8220;{}&#8220;][\/et_pb_button][et_pb_text _builder_version=&#8220;4.19.4&#8243; _module_preset=&#8220;default&#8220; hover_enabled=&#8220;0&#8243; sticky_enabled=&#8220;0&#8243;]Quelle:<br \/>\nText: Wikipedia<br \/>\nBilder: A.F. Palettenhandel, Logo der Ravens mit freundlicher Genehmigung des Vereins.[\/et_pb_text][\/et_pb_column][et_pb_column type=&#8220;2_5&#8243; _builder_version=&#8220;4.19.1&#8243; _module_preset=&#8220;default&#8220; global_colors_info=&#8220;{}&#8220;][et_pb_image src=&#8220;https:\/\/palettenhandel-krefeld.de\/wp-content\/uploads\/2023\/01\/Logo-Ravens-Krefeld.png&#8220; _builder_version=&#8220;4.19.4&#8243; _module_preset=&#8220;default&#8220; alt=&#8220;Ravens Krefeld 2023&#8243; title_text=&#8220;Logo Ravens Krefeld&#8220; hover_enabled=&#8220;0&#8243; sticky_enabled=&#8220;0&#8243; align=&#8220;center&#8220;][\/et_pb_image][et_pb_image src=&#8220;https:\/\/palettenhandel-krefeld.de\/wp-content\/uploads\/2021\/03\/Ravens-Krefeld-bei-AF-Palettenhandel.jpg&#8220; alt=&#8220;Palettenhandel Krefeld &#8220; title_text=&#8220;Ravens Krefeld bei AF Palettenhandel&#8220; _builder_version=&#8220;4.19.4&#8243; _module_preset=&#8220;default&#8220; global_colors_info=&#8220;{}&#8220;][\/et_pb_image][\/et_pb_column][\/et_pb_row][\/et_pb_section]<\/p>\n","protected":false},"excerpt":{"rendered":"<p>American Football in Deutschland:Wir unterst\u00fctzen die RAVENS Krefeld kontinuierlich seit 2018! &nbsp; American Football wird in Deutschland seit 1945 gespielt und wurde bis 1979 haupts\u00e4chlich von Besatzungssoldaten der US-Armee betrieben. Seitdem gibt es einen deutschen Verband und einen organisierten Spielbetrieb. Der Dachverband \u201eAmerican Football Verband Deutschland\u201c (AFVD) betreibt die Bundesligen German Football League und German [&hellip;]<\/p>\n","protected":false},"author":1,"featured_media":0,"parent":0,"menu_order":0,"comment_status":"closed","ping_status":"closed","template":"","meta":{"_et_pb_use_builder":"on","_et_pb_old_content":"","_et_gb_content_width":"","footnotes":""},"class_list":["post-207","page","type-page","status-publish","hentry"],"_links":{"self":[{"href":"https:\/\/palettenhandel-krefeld.de\/index.php\/wp-json\/wp\/v2\/pages\/207","targetHints":{"allow":["GET"]}}],"collection":[{"href":"https:\/\/palettenhandel-krefeld.de\/index.php\/wp-json\/wp\/v2\/pages"}],"about":[{"href":"https:\/\/palettenhandel-krefeld.de\/index.php\/wp-json\/wp\/v2\/types\/page"}],"author":[{"embeddable":true,"href":"https:\/\/palettenhandel-krefeld.de\/index.php\/wp-json\/wp\/v2\/users\/1"}],"replies":[{"embeddable":true,"href":"https:\/\/palettenhandel-krefeld.de\/index.php\/wp-json\/wp\/v2\/comments?post=207"}],"version-history":[{"count":4,"href":"https:\/\/palettenhandel-krefeld.de\/index.php\/wp-json\/wp\/v2\/pages\/207\/revisions"}],"predecessor-version":[{"id":221,"href":"https:\/\/palettenhandel-krefeld.de\/index.php\/wp-json\/wp\/v2\/pages\/207\/revisions\/221"}],"wp:attachment":[{"href":"https:\/\/palettenhandel-krefeld.de\/index.php\/wp-json\/wp\/v2\/media?parent=207"}],"curies":[{"name":"wp","href":"https:\/\/api.w.org\/{rel}","templated":true}]}}